{"id":7,"date":"2017-06-14T09:43:48","date_gmt":"2017-06-14T08:43:48","guid":{"rendered":"https:\/\/sciencesparticipativesinra.wordpress.com\/?page_id=2"},"modified":"2023-10-26T11:16:38","modified_gmt":"2023-10-26T09:16:38","slug":"a-propos","status":"publish","type":"page","link":"https:\/\/ist.blogs.inrae.fr\/sciencesparticipatives\/","title":{"rendered":"Accueil"},"content":{"rendered":"<h2>Retrouvez-nous sur science-ouverte.inrae.fr<\/h2>\n<p>25\/10\/23<\/p>\n<p>&nbsp;<\/p>\n<p>Depuis le 25 octobre, retrouvez l&rsquo;ensemble du contenu de ce site sur le<br \/>\nnouveau portail de la science ouverte \u00e0 INRAE &#8211; <a href=\"https:\/\/science-ouverte.inrae.fr\/\" target=\"_blank\" rel=\"noopener\">science-ouverte.inrae.fr<\/a><br \/>\n<a href=\"https:\/\/science-ouverte.inrae.fr\/\" target=\"_blank\" rel=\"noopener\"><img loading=\"lazy\" decoding=\"async\" class=\"size-full wp-image-24804\" src=\"https:\/\/ist.blogs.inrae.fr\/sciencesparticipatives\/wp-content\/uploads\/sites\/22\/2023\/10\/Ouverture-portail-Science-ouverte-24.10.2023_reference.png\" alt=\"\" width=\"600\" height=\"338\" srcset=\"https:\/\/ist.blogs.inrae.fr\/sciencesparticipatives\/wp-content\/uploads\/sites\/22\/2023\/10\/Ouverture-portail-Science-ouverte-24.10.2023_reference.png 600w, https:\/\/ist.blogs.inrae.fr\/sciencesparticipatives\/wp-content\/uploads\/sites\/22\/2023\/10\/Ouverture-portail-Science-ouverte-24.10.2023_reference-300x169.png 300w\" sizes=\"auto, (max-width: 600px) 100vw, 600px\" \/><\/a><\/p>\n<p><strong>A noter !<\/strong> Depuis le 25 octobre, ce site (https:\/\/ist.blogs.inrae.fr\/sciencesparticipatives\/) n&rsquo;est plus mis \u00e0 jour !<\/p>\n<p>&nbsp;<\/p>\n<p>&nbsp;<\/p>\n<p>&nbsp;<\/p>\n<blockquote><p>\u00ab Les sciences et recherches participatives sont des formes de production de connaissances scientifiques auxquelles participent, aux c\u00f4t\u00e9s des chercheurs, des acteurs de la soci\u00e9t\u00e9 civile, \u00e0 titre individuel ou collectif, de fa\u00e7on active et d\u00e9lib\u00e9r\u00e9e. \u00bb*<\/p><\/blockquote>\n<p>* Charte des sciences et recherches participatives en France \u2013 Mars 2017 .<\/p>\n","protected":false},"excerpt":{"rendered":"<p>Retrouvez-nous sur science-ouverte.inrae.fr 25\/10\/23 &nbsp; Depuis le 25 octobre, retrouvez l&rsquo;ensemble du contenu de ce site sur le nouveau portail de la science ouverte \u00e0 INRAE &#8211; science-ouverte.inrae.fr A noter ! Depuis le 25 octobre, ce site (https:\/\/ist.blogs.inrae.fr\/sciencesparticipatives\/) n&rsquo;est plus &hellip; <a href=\"https:\/\/ist.blogs.inrae.fr\/sciencesparticipatives\/\">Lire la suite\u00ad\u00ad<\/a><\/p>\n","protected":false},"author":102,"featured_media":253,"parent":0,"menu_order":0,"comment_status":"closed","ping_status":"closed","template":"","meta":{"_bbp_topic_count":0,"_bbp_reply_count":0,"_bbp_total_topic_count":0,"_bbp_total_reply_count":0,"_bbp_voice_count":0,"_bbp_anonymous_reply_count":0,"_bbp_topic_count_hidden":0,"_bbp_reply_count_hidden":0,"_bbp_forum_subforum_count":0,"footnotes":""},"class_list":["post-7","page","type-page","status-publish","has-post-thumbnail","hentry"],"_links":{"self":[{"href":"https:\/\/ist.blogs.inrae.fr\/sciencesparticipatives\/wp-json\/wp\/v2\/pages\/7","targetHints":{"allow":["GET"]}}],"collection":[{"href":"https:\/\/ist.blogs.inrae.fr\/sciencesparticipatives\/wp-json\/wp\/v2\/pages"}],"about":[{"href":"https:\/\/ist.blogs.inrae.fr\/sciencesparticipatives\/wp-json\/wp\/v2\/types\/page"}],"author":[{"embeddable":true,"href":"https:\/\/ist.blogs.inrae.fr\/sciencesparticipatives\/wp-json\/wp\/v2\/users\/102"}],"replies":[{"embeddable":true,"href":"https:\/\/ist.blogs.inrae.fr\/sciencesparticipatives\/wp-json\/wp\/v2\/comments?post=7"}],"version-history":[{"count":5,"href":"https:\/\/ist.blogs.inrae.fr\/sciencesparticipatives\/wp-json\/wp\/v2\/pages\/7\/revisions"}],"predecessor-version":[{"id":24809,"href":"https:\/\/ist.blogs.inrae.fr\/sciencesparticipatives\/wp-json\/wp\/v2\/pages\/7\/revisions\/24809"}],"wp:featuredmedia":[{"embeddable":true,"href":"https:\/\/ist.blogs.inrae.fr\/sciencesparticipatives\/wp-json\/wp\/v2\/media\/253"}],"wp:attachment":[{"href":"https:\/\/ist.blogs.inrae.fr\/sciencesparticipatives\/wp-json\/wp\/v2\/media?parent=7"}],"curies":[{"name":"wp","href":"https:\/\/api.w.org\/{rel}","templated":true}]}}