{"id":1048,"date":"2018-05-23T15:22:20","date_gmt":"2018-05-23T13:22:20","guid":{"rendered":"https:\/\/ist.blogs.inra.fr\/sciencesparticipatives\/?page_id=1048"},"modified":"2021-04-16T11:34:07","modified_gmt":"2021-04-16T09:34:07","slug":"archives-de-lagenda","status":"publish","type":"page","link":"https:\/\/ist.blogs.inrae.fr\/sciencesparticipatives\/agenda\/archives-de-lagenda\/","title":{"rendered":"Archives de l&rsquo;agenda"},"content":{"rendered":"<p>&nbsp;<\/p>\n<p>Vous trouverez ci-dessous le lien vers le Programme et les Appels \u00e0 Contribution de la Conf\u00e9rence Annuelle Internationale sur la Recherche Participative, les Sciences Citoyennes, l\u2019Innovation Partag\u00e9e et les Fab Labs pour la Paix et la r\u00e9alisation des Objectifs du D\u00e9veloppement Durable.<br \/>\nCette conf\u00e9rence se tiendra \u00e0 Gen\u00e8ve le <strong>11 d\u00e9cembre 2019<\/strong> dans le cadre du FORUM DE GEN\u00c8VE qui a lieu \u00e0 l\u2019ONU :<\/p>\n<p><a href=\"http:\/\/www.osi-genevaforum.org\/Participatory-Researches-Citizen-Sciences.html?lang=fr\" target=\"_blank\" rel=\"noopener noreferrer\">http:\/\/www.osi-genevaforum.org\/Participatory-Researches-Citizen-Sciences.html?lang=fr<\/a><\/p>\n<hr \/>\n<p>Apr\u00e8s deux \u00e9ditions en 2015 et 2017, le programme fran\u00e7ais pour la Nuit Europ\u00e9enne des Chercheur.e.s lance un appel \u00e0 proposition pour une nouvelle Grande Exp\u00e9rience Participative (GEP) dans le cadre de son projet Story. Cette GEP impliquera la participation de plusieurs milliers de personnes (potentiellement 15.000), dans au moins 12 villes fran\u00e7aises durant la prochaine Nuit Europ\u00e9enne des Chercheur.e.s, le <strong>27 septembre 2019.<\/strong><br \/>\nLes chercheur.e.s ou, l\u2019\u00e9quipe de recherche, int\u00e9ress\u00e9.e.s sont invit\u00e9.e.s \u00e0 soumettre leur projet d\u2019exp\u00e9rience en remplissant le formulaire avant le <strong>9 janvier 2019 <\/strong>(la date d&rsquo;\u00e9ch\u00e9ance initialement pr\u00e9vu pour le 14 d\u00e9cembre 2018 a \u00e9t\u00e9 d\u00e9cal\u00e9).<strong><br \/>\n<\/strong><\/p>\n<p>L&rsquo;appel \u00e0 projet Grande Exp\u00e9rience Participative 2019 et le formulaire de participation GEP 2019 sont t\u00e9l\u00e9chargeables \u00e0 cette adresse :<\/p>\n<p><a href=\"https:\/\/nuitdeschercheurs-france.eu\/wakka.php?wiki=GrandeExperience\" target=\"_blank\" rel=\"noopener noreferrer\">https:\/\/nuitdeschercheurs-france.eu\/wakka.php?wiki=GrandeExperience<\/a><\/p>\n<hr \/>\n<p><strong>Le 30 octobre 2018 <\/strong>est organis\u00e9 \u00e0 Paris (Agroparistech, 19 avenue du Maine, 15e), le s\u00e9minaire \u00ab Interdisciplinarit\u00e9 et r\u00e9gimes de production de connaissances \u00bb dans le cadre de la revue Natures, Sciences, Soci\u00e9t\u00e9s.<\/p>\n<p>Inscription termin\u00e9e.<\/p>\n<p><a href=\"https:\/\/ist.blogs.inra.fr\/sciencesparticipatives\/wp-content\/uploads\/sites\/22\/2018\/10\/programme_s%C3%A9minaire_NSS-ID.pdf\" target=\"_blank\" rel=\"noopener noreferrer\">Voir la programme<\/a><\/p>\n<hr \/>\n<p><strong>Du 2 soir au 5 octobre 2018<\/strong>, en r\u00e9sidence au Hameau de l\u2019\u00c9toile (\u00e0 25 km au Nord de Montpellier) : formation de 3 jours \u00ab <a href=\"https:\/\/www.coteact.com\/2018\/10\/02\/formation-mobiliser-le-th%C3%A9%C3%A2tre-forum-pour-l-animation-et-l-action-collective\/\" target=\"_blank\" rel=\"noopener noreferrer\">Mobiliser le th\u00e9\u00e2tre-forum pour l&rsquo;animation et l&rsquo;action collective<\/a> \u00bb, anim\u00e9e par Anne Berchon et Fran\u00e7ois Bousquet. Possibilit\u00e9 de prise en charge par la formation continue. Inscription avant le 31 mai.<\/p>\n<p>Voir plaquette : <a href=\"https:\/\/ist.blogs.inra.fr\/sciencesparticipatives\/wp-content\/uploads\/sites\/22\/2018\/02\/CoT\u00e9Act_Formation-2-5-octobre-2018_Fiche.pdf\" target=\"_blank\" rel=\"noopener noreferrer\">CoT\u00e9Act_Formation 2-5 octobre 2018_Fiche<\/a><\/p>\n<p>\u00ab Les Savanturiers &#8211; L&rsquo;\u00e9cole de la recherche \u00bb recrute des mentors. Vous \u00eates sp\u00e9cialiste en sciences exactes ou humaines et sociales. Vous pensez que la connaissance des enjeux et m\u00e9thodes de votre domaine pourrait jouer un r\u00f4le dans la formation des jeunes citoyens d\u00e8s l\u2019\u00e9cole \u00e9l\u00e9mentaire ?<\/p>\n<p><a href=\"https:\/\/les-savanturiers.cri-paris.org\/\" target=\"_blank\" rel=\"noopener noreferrer\">En savoir plus<\/a><\/p>\n<hr \/>\n<hr \/>\n<p><strong>Les 25, 26 et 27 septembre 2018<\/strong>, le CIRFIP propose une formation D\u00e9marches et \u00ab moyens habiles \u00bb de la recherche-action participative qui aura lieu au Centre International de S\u00e9jour de Paris, 6 rue Maurice Ravel (Paris 12\u00e8me).<br \/>\nLes formations sont ouvertes \u00e0 toute personne int\u00e9ress\u00e9e, adh\u00e9rente ou non de l\u2019association.<\/p>\n<p><a href=\"https:\/\/ist.blogs.inra.fr\/sciencesparticipatives\/wp-content\/uploads\/sites\/22\/2018\/07\/formation_recherche_action_participative.pdf\" target=\"_blank\" rel=\"noopener noreferrer\">Consulter le PDF<\/a><\/p>\n<p><a href=\"http:\/\/cirfip.org\/les-formations\/\" target=\"_blank\" rel=\"noopener noreferrer\">En savoir plus<\/a><\/p>\n<hr \/>\n<p>Appel \u00e0 projet de recherche participative : CO3 &#8211; CO-COnstruction des COnnaissances pour la transition \u00e9cologique et solidaire. Date limite de d\u00e9p\u00f4t des propositions :<strong> 12 septembre 2018<\/strong><\/p>\n<p><a href=\"https:\/\/ist.blogs.inra.fr\/sciencesparticipatives\/wp-content\/uploads\/sites\/22\/2018\/07\/appel_a_projets_de_recherche_participative_CO3.pdf\" target=\"_blank\" rel=\"noopener noreferrer\">Consulter le PDF<\/a><\/p>\n<hr \/>\n<p><strong>Du 9 au 13 juillet 2018<\/strong>, MSH Sud \u2013 Montpellier, France, International Summer School: Concepts and tools to engage in knowledge co-production and public participation.<\/p>\n<p>This 5-day interactive training course is designed and organized by a small international team of experts \u2013 researchers and practitioners of participatory approaches. The training is based on \u201clearning by doing\u201d principle that makes it possible for the participants to test what they learn on-the-spot and get immediate feedback. Our international participants co-construct their own training, contributing with unique content (their own case studies) and their personal styles and personalities.<\/p>\n<p>The training is meant for people (students, researchers, consultants, public sector employees) interested in developing or improving knowledge and skills in participatory methods to engage stakeholders in knowledge co-production through public participation.<\/p>\n<p>Additional information: <a href=\"http:\/\/participationsummerschool.lisode.com\/\">Website<\/a>, <a href=\"http:\/\/www.lisode.com\/wp-content\/uploads\/2018\/01\/Fly-Summer-School-2018.pdf\">Leaflet<\/a>, <a href=\"https:\/\/lisode.typeform.com\/to\/pWklNc\">Online registration form<\/a><br \/>\nFor any other information please contact: summerschool@lisode.com<\/p>\n<hr \/>\n<p><strong>Mercredi 27 juin 2018<\/strong>, Colloque REPERE \u00e0 la MSH, Paris Nord<br \/>\nLes recherches participatives pour la transition \u00e9cologique<\/p>\n<p>Au regard de ces enjeux, le programme \u00ab Repere \u00bb du Minist\u00e8re de la transition \u00e9cologique et solidaire organise le 27 juin 2018 un colloque sur les recherches participatives, qui interrogera la construction des savoirs produits par ces recherches, leur \u00e9valuation et leur appui aux politiques publiques en mati\u00e8re de transition \u00e9cologique.<\/p>\n<p>Le colloque vise \u00e9galement \u00e0 faire un point sur les dispositifs de participation des parties prenantes \u00e0 l\u2019orientation de la recherche : au-del\u00e0 de la capitalisation des acquis du programme \u00ab Repere \u00bb, une confrontation avec d\u2019autres exp\u00e9riences permettra un enrichissement mutuel des exp\u00e9riences. La richesse et l\u2019efficacit\u00e9 des d\u00e9bats s\u2019appuieront d\u2019une part sur des retours d\u2019exp\u00e9riences concrets et sur une participation active des minist\u00e8res concern\u00e9s, des organismes de recherche et d\u2019expertise et des principales alliances engag\u00e9es dans la r\u00e9flexion autour ces th\u00e8mes.<\/p>\n<p><a href=\"http:\/\/www.programme-repere.fr\/?utm_medium=email&amp;utm_campaign=%5BA+vos+agendas%5D+Colloque+REPERE+%3A+le+27+...&amp;utm_source=YMLP&amp;utm_term=Programme+et+inscription+tr%26eg...\">Programme et inscription tr\u00e8s prochainement sur le site du programme.<\/a><\/p>\n<hr \/>\n<p><strong>Du 11 au 15 juin 2018<\/strong>, \u00e0 Ch\u00e2teauneuf de Gadagne (proche d\u2019Avignon) : le collectif ComMod (Companion Modelling) organise une nouvelle Ecole-Chercheurs : \u00ab La mod\u00e9lisation d\u2019accompagnement. Mettre des acteurs en situation pour partager des repr\u00e9sentations et simuler des dynamiques \u00bb<\/p>\n<p style=\"font-weight: 400\">Public cible : chercheurs, praticiens du d\u00e9veloppement territorial et \u00e9tudiants qui travaillent sur des d\u00e9marches de mod\u00e9lisation participative et de gestion adaptative de syst\u00e8mes complexes anthropis\u00e9s.<\/p>\n<p style=\"font-weight: 400\">Lien \u00e0 suivre pour les inscriptions en ligne : <a href=\"https:\/\/docs.google.com\/forms\/d\/e\/1FAIpQLSesb0C_qJ34BKQBvh-M_DjQZ_khaHN4UnEsy07AZfhJ-BJiXw\/viewform\" target=\"_blank\" rel=\"noopener noreferrer\">https:\/\/docs.google.com\/forms\/d\/e\/1FAIpQLSesb0C_qJ34BKQBvh-M_DjQZ_khaHN4UnEsy07AZfhJ-BJiXw\/viewform<\/a><\/p>\n<p style=\"font-weight: 400\">Pour plus d&rsquo;informations: <a href=\"http:\/\/www.commod.org\/\">www.commod.org<\/a><\/p>\n<hr \/>\n<p><strong>Du 4 au 8 juin 2018<\/strong> \u00e0 M\u00e9rignac (33). \u00ab Prospective, participation et mod\u00e9lisation spatiale pour la gestion des ressources dans les territoires \u00bb. La date limite d\u2019inscription \u00e9tant le 22 f\u00e9vrier, si vous \u00eates int\u00e9ress\u00e9 mais pas s\u00fbrs de pouvoir vous inscrire avant cette date, n\u2019h\u00e9sitez pas \u00e0 contacter Sylvie Lardon (sylvie.lardon@agroparistech.fr).<\/p>\n<hr \/>\n<p><strong>Dimanche 3 juin<\/strong> aura lieu la seconde conf\u00e9rence international ECSA avec le \u00ab\u00a0Citizen Science Festival\u00a0\u00bb. Les habitants de Gen\u00e8ve et les participants \u00e0 l&rsquo;ECSA 2018 sont invit\u00e9s \u00e0 explorer diff\u00e9rents projets scientifiques citoyens de Gen\u00e8ve, de Suisse et de l&rsquo;\u00e9tranger.<\/p>\n<p><a href=\"https:\/\/www.ecsa-conference.eu\/\" target=\"_blank\" rel=\"noopener noreferrer\">Voir le site, en anglais, pour plus d&rsquo;infos<\/a>.<\/p>\n<hr \/>\n<p><strong>Le 25 mai 2018<\/strong>, Colloque CRT-ICAReB 2018 \u00ab Chercheurs, M\u00e9decins et Participants aux Recherches : un dialogue permanent \u00bb<br \/>\n\u00e0 l&rsquo;amphith\u00e9\u00e2tre \u00c9mile Duclaux, Institut Pasteur Paris<\/p>\n<p>Voir <a href=\"https:\/\/ist.blogs.inra.fr\/sciencesparticipatives\/wp-content\/uploads\/sites\/22\/2018\/04\/affiche_ICAReB_2018_web.pdf\" target=\"_blank\" rel=\"noopener noreferrer\">l&rsquo;affiche<\/a> et <a href=\"https:\/\/ist.blogs.inra.fr\/sciencesparticipatives\/wp-content\/uploads\/sites\/22\/2018\/04\/programme_vf2_CMPR_2018.docx\" target=\"_blank\" rel=\"noopener noreferrer\">le programme<\/a>.<\/p>\n<hr \/>\n<p><strong>Du 29 avril au 1er mai 2018<\/strong>, 3 jours \u00e0 Montpellier : stage \u00ab\u00a0<a href=\"https:\/\/www.coteact.com\/2018\/04\/29\/se-former-%C3%A0-la-pratique-de-com%C3%A9dien-ne-th%C3%A9%C3%A2tre-forum-du-29-avril-au-1er-mai\/\">Se former \u00e0 la pratique de com\u00e9dien(ne) th\u00e9\u00e2tre-forum<\/a>\u00ab\u00a0, anim\u00e9 par Anne Berchon et Catherine Lumal\u00e9. Inscription avant le 31 mars.<\/p>\n<p>Voir plaquette : <a href=\"https:\/\/ist.blogs.inra.fr\/sciencesparticipatives\/wp-content\/uploads\/sites\/22\/2018\/02\/CoT\u00e9Act_Stage-29-avril-1er-mai-2018_Fiche.pdf\">CoT\u00e9Act_Stage 29 avril-1er mai 2018_Fiche<\/a><\/p>\n<hr \/>\n<p><strong>Vendredi 13 avril<\/strong> \u00e0 9h aura lieu la s\u00e9ance 7 du s\u00e9minaire de recherche <a href=\"https:\/\/fti.hypotheses.org\/137\">\u00ab\u00a0Les recherches-actions : agir sur les freins de la collaboration\u00a0\u00bb <\/a>\u00e0 la Ressourcerie Culturelle Solidaire \u00ab La table des mati\u00e8res \u00bb &#8211; 51, rue de l\u2019Abb\u00e9 Carton 75014 Paris.<\/p>\n<p><strong>Intervenantes :<\/strong><br \/>\n\u2022 Anne Gillet (LISE-CNAM) ;<br \/>\n\u2022 Anne Jacquelin (La Fabrique des Territoires Innovants, CNRS-GTM).<\/p>\n<p><strong>Description :<\/strong><br \/>\nLa collaboration n\u2019est pas inn\u00e9e, elle ne se d\u00e9cr\u00e8te pas. L\u2019exercice n\u2019est pas moins difficile pour les chercheurs. Qu\u2019en est-il des projets de recherche action ? Cette s\u00e9ance vise \u00e0 explorer les diff\u00e9rentes modalit\u00e9s de recherche qui sortent du champ acad\u00e9mique. il s\u2019agira de parler des m\u00e9thodes, de l\u2019organisation du travail mais \u00e9galement des postures adopt\u00e9es par le chercheur de m\u00e9tier, mais \u00e9galement des possibilit\u00e9s d\u2019impliquer les parties prenantes dans la recherche.<\/p>\n<p><strong>Bibliographie :<\/strong><br \/>\nAnne Gillet, Diane-Gabrielle Tremblay, Les recherches partenariales et collaboratives, PUR, 2017.<br \/>\nLa Fabrique des Territoires Innovants, Bien communs, collaboration &amp; coop\u00e9ration, Paris, 2018.<\/p>\n<hr \/>\n<p><strong>Du 17 et 18 mars 2018<\/strong>, l\u2019ONG Objectif Sciences International,<br \/>\nStatut Consultatif Sp\u00e9cial aupr\u00e8s de l\u2019ONU (ECOSOC) organise une nouvelle session de <strong>Formation \u00e0 la P\u00e9dagogie de Projet appliqu\u00e9e \u00e0 des projets de Sciences Citoyennes <\/strong><strong>pour la r\u00e9solution du d\u00e9veloppement durable, et l\u2019enseignement, l\u2019\u00e9ducation ou l\u2019animation socioculturelle<\/strong>.<\/p>\n<p>Pour :<br \/>\n\u2022 enseignant-e-s \/ formateurs d\u2019enseignants ;<br \/>\n\u2022 animateurs et animatrices ;<br \/>\n\u2022 \u00e9ducateurs et \u00e9ducatrices ;<br \/>\n\u2022 Minist\u00e8res de l\u2019\u00c9ducation ;<br \/>\n\u2022 Association d\u2019\u00c9ducation aux Sciences ;<br \/>\n\u2022 Organismes de Sciences Citoyennes ;<br \/>\n\u2022 Centres de Recherches Scientifiques.<\/p>\n<p>Informations en Fran\u00e7ais :<br \/>\n<a href=\"http:\/\/www.educateur-scientifique.com\/Science-Pedagogy-St1.html?lang=fr\" target=\"_blank\" rel=\"noopener noreferrer\">http:\/\/www.educateur-scientifique.com\/Science-Pedagogy-St1.html?lang=fr<\/a><br \/>\nInformation in English :<br \/>\n<a href=\"http:\/\/www.educateur-scientifique.com\/Science-Pedagogy-St1.html?lang=en\" target=\"_blank\" rel=\"noopener noreferrer\">http:\/\/www.educateur-scientifique.com\/Science-Pedagogy-St1.html?lang=en<\/a><\/p>\n<hr \/>\n<p><strong>Du 13 mars au 24 mai, <\/strong>Ouverture de l\u2019appel \u00e0 projets \u00ab\u00a0Transitons alimentaires et agro-\u00e9cologiques : projets de recherche et d\u2019innovation\u00a0\u00bb 2018 destin\u00e9 au financement de projets de recherche-action. .<br \/>\nCet appel \u00e0 projets propose aux acteurs locaux et aux chercheurs de s\u2019associer pour combiner les savoirs paysans et scientifiques afin de tester, mettre en \u0153uvre, \u00e9valuer, capitaliser et diffuser des exp\u00e9rimentations locales de production et de consommation alimentaires, dans des projets de territoire qui contribuent au d\u00e9veloppement durable.<br \/>\nSont concern\u00e9s par cet appel, des projets visant \u00e0 concevoir, tester, \u00e9valuer des innovations concourant \u00e0 la transition agro-\u00e9cologique et alimentaire et s\u2019appuyant sur les interactions entre l\u2019environnement, l\u2019agriculture et l\u2019alimentation.<\/p>\n<p>Attention, les candidatures s\u2019e\ufb00ectuent <a href=\"https:\/\/www.fondationdefrance.org\/fr\/alimentation-inventer-de-nouveaux-modeles-de-production\">exclusivement en ligne<\/a>.<br \/>\nLa date limite de d\u00e9p\u00f4t des demandes est fix\u00e9e au jeudi <strong>24 mai<\/strong> 17h00.<\/p>\n<p>Voir plaquette : <a href=\"https:\/\/ist.blogs.inra.fr\/sciencesparticipatives\/wp-content\/uploads\/sites\/22\/2018\/03\/AAP_2018_transitions_alimentaires_et_agroecologiques.pdf\">AAP_2018_transitions_alimentaires_et_agroecologiques<\/a><\/p>\n<hr \/>\n<p style=\"font-weight: 400\"><strong>Jeudi 1er mars 2018<\/strong>, de 14h30 \u00e0 16h30, au stand INRA du Salon de l\u2019agriculture : rencontre sur les Sciences et recherches participatives \u00e0 l\u2019INRA.<\/p>\n<p style=\"font-weight: 400\">Pour le programme et l\u2019inscription, voir \u00e0 l\u2019adresse suivante : <a href=\"https:\/\/www6.inra.fr\/rencontresia\/Les-rencontres-2018\/Les-sciences-et-recherches-participatives-a-l-Inra\">https:\/\/www6.inra.fr\/rencontresia\/Les-rencontres-2018\/Les-sciences-et-recherches-participatives-a-l-Inra<\/a><\/p>\n<hr \/>\n<p><strong>lundi 22 janvier 2018,<\/strong> de 17h30 \u00e0 19h00, au CNAM (2 rue Cont\u00e9, 75 003 Paris) : Happy Hour : Les recherches partenariales et collaboratives. S&rsquo;inscrire aupr\u00e8s Zaera Mariaux \u00e0 l&rsquo;adresse suivante zaera.mariaux@cnam.fr La salle exacte vous sera indiqu\u00e9e lors de votre inscription.<br \/>\nAu programme, la pr\u00e9sentation par ses auteurs de l\u2019ouvrage collectif : Les recherches partenariales et collaboratives. Anne Gillet, Diane-Gabrielle Tremblay (dir.), 2017. En co-\u00e9dition PUR-Presses Universitaires de Rennes, collection \u00ab Des Soci\u00e9t\u00e9s \u00bb et PUQ-Presses de l\u2019Universit\u00e9 du Qu\u00e9bec.<br \/>\n<a href=\"http:\/\/lise-cnrs.cnam.fr\/les-recherches-partenariales-et-collaboratives-963772.kjsp?RH=1322147146383\">http:\/\/lise-cnrs.cnam.fr\/les-recherches-partenariales-et-collaboratives-963772.kjsp?RH=1322147146383<\/a><\/p>\n<hr \/>\n<p><strong>lundi 11 d\u00e9cembre 2017<\/strong>, de 19h \u00e0 22h \u00e0 l&rsquo;ESPGG : Comment les centres de sciences peuvent-ils \u00eatre aussi un espace de dialogue entre la recherche et la soci\u00e9t\u00e9 civile ?<br \/>\nLe plus souvent, quand il est question de recherche dans un centre de sciences, les chercheur.e.s pr\u00e9sentent ce qu&rsquo;ils savent et les publics les \u00e9coutent. Cela marche souvent tr\u00e8s bien, mais pourrait-on imaginer des situations qui bousculent cet ordre des choses : faire aussi de ces lieux des espaces de dialogue r\u00e9el entre les publics et les professionnel.le.s de la recherche? Quelques initiatives existent d\u00e9j\u00e0 (science citoyenne, boutiques de science&#8230;)&#8230; Peut-on en imaginer d&rsquo;autres ?<br \/>\nLe lundi 11 d\u00e9cembre, de 19h \u00e0 22h \u00e0 l&rsquo;ESPGG, on vous propose de se rencontrer entre m\u00e9diateur.trice.s, professionnel.le.s de la recherche, \u00e9tudiant.e.s, artistes, curieux.ses aux \u00e9tiquettes vari\u00e9es, pour explorer ensemble nos envies autour de cette probl\u00e9matique, le temps d&rsquo;un atelier participatif.<br \/>\nAtelier gratuit, inspir\u00e9 de la m\u00e9thode living lab, ouvert \u00e0 tous sur inscription : <a href=\"https:\/\/goo.gl\/forms\/h8GPGNIAkRv0HtJ52\">https:\/\/goo.gl\/forms\/h8GPGNIAkRv0HtJ52<\/a><br \/>\nCet atelier est organis\u00e9 avec l&rsquo;\u00e9cole de la m\u00e9diation, en compl\u00e9ment de la formation \u00ab\u00a0Nouvelles formes &#8211; nouveaux outils.<\/p>\n<hr \/>\n<p><strong>11-15 d\u00e9cembre 2017<\/strong> : <a href=\"http:\/\/www.osi-genevaforum.org\/Participatory-Research-Citizen-Sciences-and-Fab-Labs-for-Peace-and-Development.html?lang=fr\" target=\"_blank\" rel=\"noopener noreferrer\">9\u00e8me FORUM DE GENEVE (Participatory Research Citizen Sciences and Fab Labs for Peace and Development)<\/a>, au Palais des Nations, Organisation des Nations Unies, Gen\u00e8ve<\/p>\n<hr \/>\n<p><strong>9-13 octobre 2017<\/strong> : \u00e9cole chercheurs Inra \u00ab\u00a0<a href=\"https:\/\/ist.blogs.inra.fr\/sciencesparticipatives\/wp-content\/uploads\/sites\/22\/2017\/11\/EC-Sciences-Participatives_Plaquette_v2.pdf\">Les sciences et recherches participatives : pratiques et \u00e9pist\u00e9mologie<\/a>\u00a0\u00bb<\/p>\n<hr \/>\n<p><strong>6 octobre 2017<\/strong> : remise des dossiers de candidatures pour l&rsquo;appel \u00e0 manifestation d&rsquo;int\u00e9r\u00eat \u00ab\u00a0<a href=\"http:\/\/www.participation-et-democratie.fr\/fr\/content\/experimentations-democratiques-pour-la-transition-ecologique\">Exp\u00e9rimentations d\u00e9mocratiques pour la transition \u00e9cologique et \u00e9nerg\u00e9tique<\/a>\u00a0\u00bb<\/p>\n<hr \/>\n<p><strong>6 octobre 2017<\/strong> : remise des dossiers de candidatures pour l&rsquo;appel \u00e0 manifestation d&rsquo;int\u00e9r\u00eat \u00ab\u00a0<a href=\"http:\/\/www.participation-et-democratie.fr\/fr\/content\/experimentations-democratiques-pour-la-transition-ecologique\">Exp\u00e9rimentations d\u00e9mocratiques pour la transition \u00e9cologique et \u00e9nerg\u00e9tique<\/a>\u00a0\u00bb<\/p>\n<hr \/>\n<p>&nbsp;<\/p>\n","protected":false},"excerpt":{"rendered":"<p>&nbsp; Vous trouverez ci-dessous le lien vers le Programme et les Appels \u00e0 Contribution de la Conf\u00e9rence Annuelle Internationale sur la Recherche Participative, les Sciences Citoyennes, l\u2019Innovation Partag\u00e9e et les Fab Labs pour la Paix et la r\u00e9alisation des Objectifs &hellip; <a href=\"https:\/\/ist.blogs.inrae.fr\/sciencesparticipatives\/agenda\/archives-de-lagenda\/\">Lire la suite\u00ad\u00ad<\/a><\/p>\n","protected":false},"author":102,"featured_media":0,"parent":53,"menu_order":0,"comment_status":"closed","ping_status":"closed","template":"","meta":{"_bbp_topic_count":0,"_bbp_reply_count":0,"_bbp_total_topic_count":0,"_bbp_total_reply_count":0,"_bbp_voice_count":0,"_bbp_anonymous_reply_count":0,"_bbp_topic_count_hidden":0,"_bbp_reply_count_hidden":0,"_bbp_forum_subforum_count":0,"footnotes":""},"class_list":["post-1048","page","type-page","status-publish","hentry"],"_links":{"self":[{"href":"https:\/\/ist.blogs.inrae.fr\/sciencesparticipatives\/wp-json\/wp\/v2\/pages\/1048","targetHints":{"allow":["GET"]}}],"collection":[{"href":"https:\/\/ist.blogs.inrae.fr\/sciencesparticipatives\/wp-json\/wp\/v2\/pages"}],"about":[{"href":"https:\/\/ist.blogs.inrae.fr\/sciencesparticipatives\/wp-json\/wp\/v2\/types\/page"}],"author":[{"embeddable":true,"href":"https:\/\/ist.blogs.inrae.fr\/sciencesparticipatives\/wp-json\/wp\/v2\/users\/102"}],"replies":[{"embeddable":true,"href":"https:\/\/ist.blogs.inrae.fr\/sciencesparticipatives\/wp-json\/wp\/v2\/comments?post=1048"}],"version-history":[{"count":0,"href":"https:\/\/ist.blogs.inrae.fr\/sciencesparticipatives\/wp-json\/wp\/v2\/pages\/1048\/revisions"}],"up":[{"embeddable":true,"href":"https:\/\/ist.blogs.inrae.fr\/sciencesparticipatives\/wp-json\/wp\/v2\/pages\/53"}],"wp:attachment":[{"href":"https:\/\/ist.blogs.inrae.fr\/sciencesparticipatives\/wp-json\/wp\/v2\/media?parent=1048"}],"curies":[{"name":"wp","href":"https:\/\/api.w.org\/{rel}","templated":true}]}}