{"id":663,"date":"2016-03-16T17:38:12","date_gmt":"2016-03-16T16:38:12","guid":{"rendered":"http:\/\/ist.blogs.inra.fr\/sae2cfp\/?page_id=663"},"modified":"2021-04-29T11:14:00","modified_gmt":"2021-04-29T09:14:00","slug":"besoin-daide","status":"publish","type":"page","link":"https:\/\/ist.blogs.inrae.fr\/sae2cfp\/besoin-daide\/","title":{"rendered":"Pr\u00e9sentation"},"content":{"rendered":"<h6 style=\"line-height: 20px\">Ce service de veille \u00e9v\u00e9nementielle a \u00e9t\u00e9 mis en place \u00e0 la demande des scientifiques du D\u00e9partement EcoSocio (Economie et Sciences Sociales pour l&rsquo;Agriculture, l&rsquo;Alimentation et l&rsquo;Environnement) de INRAE. Il a pour objectifs :<\/h6>\n<ul>\n<li>\u00a0\u00a0\u00a0\u00a0 <strong>&#8211;<\/strong> d\u2019informer les scientifiques des appels \u00e0 communications concernant les colloques organis\u00e9s dans leurs th\u00e9matiques<\/li>\n<li>\u00a0\u00a0\u00a0\u00a0 <strong>&#8211;<\/strong> de soutenir la publication en annon\u00e7ant des appels \u00e0 contributions dans des revues,<\/li>\n<li>\u00a0\u00a0\u00a0\u00a0 <strong>&#8211;<\/strong> de favoriser les \u00e9changes des scientifiques avec leurs communaut\u00e9s, de renforcer leurs r\u00e9seaux et d&rsquo;accro\u00eetre leur visibilit\u00e9 scientifique.<\/li>\n<\/ul>\n<p style=\"line-height: 20px\">Les informations diffus\u00e9es sont sp\u00e9cifiques aux disciplines des Sciences Humaines et Sociales et aux th\u00e9matiques du D\u00e9partement EcoSocio.<\/p>\n<h6 style=\"line-height: 20px\">Cet outil, cr\u00e9\u00e9, g\u00e9r\u00e9 et mis \u00e0 jour par les documentalistes du D\u00e9partement EcoSocio et vous permet de :<\/h6>\n<ul>\n<li style=\"padding-left: 20px;line-height: 20px\"><strong>&#8211;<\/strong> consulter les appels \u00e0 communications dans les colloques et les revues class\u00e9s par ordre de deadline<\/li>\n<li style=\"padding-left: 20px;line-height: 20px\"><strong>&#8211;<\/strong> recevoir des alertes hebdomadaire par mail dans les disciplines qui vous int\u00e9ressent ou par flux RSS<\/li>\n<\/ul>\n<p style=\"line-height: 20px\">Voir la vid\u00e9o de pr\u00e9sentation :<\/p>\n<p><iframe loading=\"lazy\" title=\"Call for Paper - Service de veille \u00e9v\u00e9nementielle en SHS\" width=\"960\" height=\"540\" src=\"https:\/\/www.youtube.com\/embed\/MMSUrMj9IAo?feature=oembed\" frameborder=\"0\" allow=\"accelerometer; autoplay; clipboard-write; encrypted-media; gyroscope; picture-in-picture\" allowfullscreen><\/iframe><\/p>\n","protected":false},"excerpt":{"rendered":"<p>Ce service de veille \u00e9v\u00e9nementielle a \u00e9t\u00e9 mis en place \u00e0 la demande des scientifiques du D\u00e9partement EcoSocio (Economie et Sciences Sociales pour l&rsquo;Agriculture, l&rsquo;Alimentation et l&rsquo;Environnement) de INRAE. Il a pour objectifs : \u00a0\u00a0\u00a0\u00a0 &#8211; d\u2019informer les scientifiques des appels \u00e0 communications concernant les colloques organis\u00e9s dans leurs th\u00e9matiques \u00a0\u00a0\u00a0\u00a0 &#8211; de soutenir la [&hellip;]<\/p>\n","protected":false},"author":1,"featured_media":0,"parent":0,"menu_order":0,"comment_status":"closed","ping_status":"closed","template":"page-nosidebar.php","meta":{"_acf_changed":false,"footnotes":""},"class_list":["post-663","page","type-page","status-publish","hentry"],"acf":[],"_links":{"self":[{"href":"https:\/\/ist.blogs.inrae.fr\/sae2cfp\/wp-json\/wp\/v2\/pages\/663","targetHints":{"allow":["GET"]}}],"collection":[{"href":"https:\/\/ist.blogs.inrae.fr\/sae2cfp\/wp-json\/wp\/v2\/pages"}],"about":[{"href":"https:\/\/ist.blogs.inrae.fr\/sae2cfp\/wp-json\/wp\/v2\/types\/page"}],"author":[{"embeddable":true,"href":"https:\/\/ist.blogs.inrae.fr\/sae2cfp\/wp-json\/wp\/v2\/users\/1"}],"replies":[{"embeddable":true,"href":"https:\/\/ist.blogs.inrae.fr\/sae2cfp\/wp-json\/wp\/v2\/comments?post=663"}],"version-history":[{"count":0,"href":"https:\/\/ist.blogs.inrae.fr\/sae2cfp\/wp-json\/wp\/v2\/pages\/663\/revisions"}],"wp:attachment":[{"href":"https:\/\/ist.blogs.inrae.fr\/sae2cfp\/wp-json\/wp\/v2\/media?parent=663"}],"curies":[{"name":"wp","href":"https:\/\/api.w.org\/{rel}","templated":true}]}}