{"id":229,"date":"2022-04-19T07:42:04","date_gmt":"2022-04-19T07:42:04","guid":{"rendered":"https:\/\/www.allenvi.fr\/?page_id=229"},"modified":"2022-09-01T07:44:59","modified_gmt":"2022-09-01T07:44:59","slug":"priorites-strategiques","status":"publish","type":"page","link":"https:\/\/ist.blogs.inrae.fr\/allenvi\/priorites-strategiques\/","title":{"rendered":"Priorit\u00e9s strat\u00e9giques"},"content":{"rendered":"\n<p>Les&nbsp;Priorit\u00e9s strat\u00e9giques&nbsp;r\u00e9unissent les <strong>repr\u00e9sentants des <\/strong>directions d\u2019appui correspondantes des membres fondateurs et des membres associ\u00e9s dans les domaines de l\u2019innovation et de la valorisation, l\u2019Europe et l\u2019international, la prospective, les infrastructures de recherche et la communication.<\/p>\n","protected":false},"excerpt":{"rendered":"<p>Les&nbsp;Priorit\u00e9s strat\u00e9giques&nbsp;r\u00e9unissent les repr\u00e9sentants des directions d\u2019appui correspondantes des membres fondateurs et des membres associ\u00e9s dans les domaines de l\u2019innovation et de la valorisation, l\u2019Europe et l\u2019international, la prospective, les infrastructures de recherche et la communication.<\/p>\n","protected":false},"author":2,"featured_media":230,"parent":0,"menu_order":0,"comment_status":"closed","ping_status":"closed","template":"","meta":{"_et_pb_use_builder":"off","_et_pb_old_content":"<!-- wp:paragraph -->\n<p>Les\u00a0Priorit\u00e9s strat\u00e9giques\u00a0r\u00e9unissent les <strong>repr\u00e9sentants des <\/strong>directions d\u2019appui correspondantes des membres fondateurs et des membres associ\u00e9s dans les domaines de l\u2019innovation et de la valorisation, l\u2019Europe et l\u2019international, la prospective, les infrastructures de recherche et la communication.<\/p>\n<!-- \/wp:paragraph -->","_et_gb_content_width":"","inline_featured_image":false,"footnotes":""},"class_list":["post-229","page","type-page","status-publish","has-post-thumbnail","hentry"],"yoast_head":"<!-- This site is optimized with the Yoast SEO plugin v27.4 - https:\/\/yoast.com\/product\/yoast-seo-wordpress\/ -->\n<title>Priorit\u00e9s strat\u00e9giques - Alliance Allenvi<\/title>\n<meta name=\"description\" content=\"Les Priorit\u00e9s strat\u00e9giques r\u00e9unissent les directions d\u2019appui correspondantes des membres fondateurs et des membres associ\u00e9s dans les domaines de l\u2019innovation et de la valorisation, l\u2019Europe et l\u2019international, la prospective, les infrastructures de recherche et la communication.\" \/>\n<meta name=\"robots\" content=\"noindex, follow, max-snippet:-1, max-image-preview:large, max-video-preview:-1\" \/>\n<meta property=\"og:locale\" content=\"fr_FR\" \/>\n<meta property=\"og:type\" content=\"article\" \/>\n<meta property=\"og:title\" content=\"Priorit\u00e9s strat\u00e9giques - Alliance Allenvi\" \/>\n<meta property=\"og:description\" content=\"Les Priorit\u00e9s strat\u00e9giques r\u00e9unissent les directions d\u2019appui correspondantes des membres fondateurs et des membres associ\u00e9s dans les domaines de l\u2019innovation et de la valorisation, l\u2019Europe et l\u2019international, la prospective, les infrastructures de recherche et la communication.\" \/>\n<meta property=\"og:url\" content=\"https:\/\/ist.blogs.inrae.fr\/allenvi\/priorites-strategiques\/\" \/>\n<meta property=\"og:site_name\" content=\"Alliance Allenvi\" \/>\n<meta property=\"article:modified_time\" content=\"2022-09-01T07:44:59+00:00\" \/>\n<meta property=\"og:image\" content=\"https:\/\/ist.blogs.inrae.fr\/allenvi\/wp-content\/uploads\/sites\/52\/2022\/04\/grass-with-sunlight-on-countryside-suburban.png\" \/>\n\t<meta property=\"og:image:width\" content=\"1325\" \/>\n\t<meta property=\"og:image:height\" content=\"868\" \/>\n\t<meta property=\"og:image:type\" content=\"image\/png\" \/>\n<meta name=\"twitter:card\" content=\"summary_large_image\" \/>\n<meta name=\"twitter:label1\" content=\"Dur\u00e9e de lecture estim\u00e9e\" \/>\n\t<meta name=\"twitter:data1\" content=\"1 minute\" \/>\n<script type=\"application\/ld+json\" class=\"yoast-schema-graph\">{\"@context\":\"https:\\\/\\\/schema.org\",\"@graph\":[{\"@type\":\"WebPage\",\"@id\":\"https:\\\/\\\/ist.blogs.inrae.fr\\\/allenvi\\\/priorites-strategiques\\\/\",\"url\":\"https:\\\/\\\/ist.blogs.inrae.fr\\\/allenvi\\\/priorites-strategiques\\\/\",\"name\":\"Priorit\u00e9s strat\u00e9giques - Alliance Allenvi\",\"isPartOf\":{\"@id\":\"https:\\\/\\\/ist.blogs.inrae.fr\\\/allenvi\\\/#website\"},\"primaryImageOfPage\":{\"@id\":\"https:\\\/\\\/ist.blogs.inrae.fr\\\/allenvi\\\/priorites-strategiques\\\/#primaryimage\"},\"image\":{\"@id\":\"https:\\\/\\\/ist.blogs.inrae.fr\\\/allenvi\\\/priorites-strategiques\\\/#primaryimage\"},\"thumbnailUrl\":\"https:\\\/\\\/ist.blogs.inrae.fr\\\/allenvi\\\/wp-content\\\/uploads\\\/sites\\\/52\\\/2022\\\/04\\\/grass-with-sunlight-on-countryside-suburban.png\",\"datePublished\":\"2022-04-19T07:42:04+00:00\",\"dateModified\":\"2022-09-01T07:44:59+00:00\",\"description\":\"Les Priorit\u00e9s strat\u00e9giques r\u00e9unissent les directions d\u2019appui correspondantes des membres fondateurs et des membres associ\u00e9s dans les domaines de l\u2019innovation et de la valorisation, l\u2019Europe et l\u2019international, la prospective, les infrastructures de recherche et la communication.\",\"breadcrumb\":{\"@id\":\"https:\\\/\\\/ist.blogs.inrae.fr\\\/allenvi\\\/priorites-strategiques\\\/#breadcrumb\"},\"inLanguage\":\"fr-FR\",\"potentialAction\":[{\"@type\":\"ReadAction\",\"target\":[\"https:\\\/\\\/ist.blogs.inrae.fr\\\/allenvi\\\/priorites-strategiques\\\/\"]}]},{\"@type\":\"ImageObject\",\"inLanguage\":\"fr-FR\",\"@id\":\"https:\\\/\\\/ist.blogs.inrae.fr\\\/allenvi\\\/priorites-strategiques\\\/#primaryimage\",\"url\":\"https:\\\/\\\/ist.blogs.inrae.fr\\\/allenvi\\\/wp-content\\\/uploads\\\/sites\\\/52\\\/2022\\\/04\\\/grass-with-sunlight-on-countryside-suburban.png\",\"contentUrl\":\"https:\\\/\\\/ist.blogs.inrae.fr\\\/allenvi\\\/wp-content\\\/uploads\\\/sites\\\/52\\\/2022\\\/04\\\/grass-with-sunlight-on-countryside-suburban.png\",\"width\":1325,\"height\":868},{\"@type\":\"BreadcrumbList\",\"@id\":\"https:\\\/\\\/ist.blogs.inrae.fr\\\/allenvi\\\/priorites-strategiques\\\/#breadcrumb\",\"itemListElement\":[{\"@type\":\"ListItem\",\"position\":1,\"name\":\"Accueil\",\"item\":\"https:\\\/\\\/ist.blogs.inrae.fr\\\/allenvi\\\/\"},{\"@type\":\"ListItem\",\"position\":2,\"name\":\"Priorit\u00e9s strat\u00e9giques\"}]},{\"@type\":\"WebSite\",\"@id\":\"https:\\\/\\\/ist.blogs.inrae.fr\\\/allenvi\\\/#website\",\"url\":\"https:\\\/\\\/ist.blogs.inrae.fr\\\/allenvi\\\/\",\"name\":\"Alliance Allenvi\",\"description\":\"\",\"potentialAction\":[{\"@type\":\"SearchAction\",\"target\":{\"@type\":\"EntryPoint\",\"urlTemplate\":\"https:\\\/\\\/ist.blogs.inrae.fr\\\/allenvi\\\/?s={search_term_string}\"},\"query-input\":{\"@type\":\"PropertyValueSpecification\",\"valueRequired\":true,\"valueName\":\"search_term_string\"}}],\"inLanguage\":\"fr-FR\"}]}<\/script>\n<!-- \/ Yoast SEO plugin. -->","yoast_head_json":{"title":"Priorit\u00e9s strat\u00e9giques - Alliance Allenvi","description":"Les Priorit\u00e9s strat\u00e9giques r\u00e9unissent les directions d\u2019appui correspondantes des membres fondateurs et des membres associ\u00e9s dans les domaines de l\u2019innovation et de la valorisation, l\u2019Europe et l\u2019international, la prospective, les infrastructures de recherche et la communication.","robots":{"index":"noindex","follow":"follow","max-snippet":"max-snippet:-1","max-image-preview":"max-image-preview:large","max-video-preview":"max-video-preview:-1"},"og_locale":"fr_FR","og_type":"article","og_title":"Priorit\u00e9s strat\u00e9giques - Alliance Allenvi","og_description":"Les Priorit\u00e9s strat\u00e9giques r\u00e9unissent les directions d\u2019appui correspondantes des membres fondateurs et des membres associ\u00e9s dans les domaines de l\u2019innovation et de la valorisation, l\u2019Europe et l\u2019international, la prospective, les infrastructures de recherche et la communication.","og_url":"https:\/\/ist.blogs.inrae.fr\/allenvi\/priorites-strategiques\/","og_site_name":"Alliance Allenvi","article_modified_time":"2022-09-01T07:44:59+00:00","og_image":[{"width":1325,"height":868,"url":"https:\/\/ist.blogs.inrae.fr\/allenvi\/wp-content\/uploads\/sites\/52\/2022\/04\/grass-with-sunlight-on-countryside-suburban.png","type":"image\/png"}],"twitter_card":"summary_large_image","twitter_misc":{"Dur\u00e9e de lecture estim\u00e9e":"1 minute"},"schema":{"@context":"https:\/\/schema.org","@graph":[{"@type":"WebPage","@id":"https:\/\/ist.blogs.inrae.fr\/allenvi\/priorites-strategiques\/","url":"https:\/\/ist.blogs.inrae.fr\/allenvi\/priorites-strategiques\/","name":"Priorit\u00e9s strat\u00e9giques - Alliance Allenvi","isPartOf":{"@id":"https:\/\/ist.blogs.inrae.fr\/allenvi\/#website"},"primaryImageOfPage":{"@id":"https:\/\/ist.blogs.inrae.fr\/allenvi\/priorites-strategiques\/#primaryimage"},"image":{"@id":"https:\/\/ist.blogs.inrae.fr\/allenvi\/priorites-strategiques\/#primaryimage"},"thumbnailUrl":"https:\/\/ist.blogs.inrae.fr\/allenvi\/wp-content\/uploads\/sites\/52\/2022\/04\/grass-with-sunlight-on-countryside-suburban.png","datePublished":"2022-04-19T07:42:04+00:00","dateModified":"2022-09-01T07:44:59+00:00","description":"Les Priorit\u00e9s strat\u00e9giques r\u00e9unissent les directions d\u2019appui correspondantes des membres fondateurs et des membres associ\u00e9s dans les domaines de l\u2019innovation et de la valorisation, l\u2019Europe et l\u2019international, la prospective, les infrastructures de recherche et la communication.","breadcrumb":{"@id":"https:\/\/ist.blogs.inrae.fr\/allenvi\/priorites-strategiques\/#breadcrumb"},"inLanguage":"fr-FR","potentialAction":[{"@type":"ReadAction","target":["https:\/\/ist.blogs.inrae.fr\/allenvi\/priorites-strategiques\/"]}]},{"@type":"ImageObject","inLanguage":"fr-FR","@id":"https:\/\/ist.blogs.inrae.fr\/allenvi\/priorites-strategiques\/#primaryimage","url":"https:\/\/ist.blogs.inrae.fr\/allenvi\/wp-content\/uploads\/sites\/52\/2022\/04\/grass-with-sunlight-on-countryside-suburban.png","contentUrl":"https:\/\/ist.blogs.inrae.fr\/allenvi\/wp-content\/uploads\/sites\/52\/2022\/04\/grass-with-sunlight-on-countryside-suburban.png","width":1325,"height":868},{"@type":"BreadcrumbList","@id":"https:\/\/ist.blogs.inrae.fr\/allenvi\/priorites-strategiques\/#breadcrumb","itemListElement":[{"@type":"ListItem","position":1,"name":"Accueil","item":"https:\/\/ist.blogs.inrae.fr\/allenvi\/"},{"@type":"ListItem","position":2,"name":"Priorit\u00e9s strat\u00e9giques"}]},{"@type":"WebSite","@id":"https:\/\/ist.blogs.inrae.fr\/allenvi\/#website","url":"https:\/\/ist.blogs.inrae.fr\/allenvi\/","name":"Alliance Allenvi","description":"","potentialAction":[{"@type":"SearchAction","target":{"@type":"EntryPoint","urlTemplate":"https:\/\/ist.blogs.inrae.fr\/allenvi\/?s={search_term_string}"},"query-input":{"@type":"PropertyValueSpecification","valueRequired":true,"valueName":"search_term_string"}}],"inLanguage":"fr-FR"}]}},"_links":{"self":[{"href":"https:\/\/ist.blogs.inrae.fr\/allenvi\/wp-json\/wp\/v2\/pages\/229","targetHints":{"allow":["GET"]}}],"collection":[{"href":"https:\/\/ist.blogs.inrae.fr\/allenvi\/wp-json\/wp\/v2\/pages"}],"about":[{"href":"https:\/\/ist.blogs.inrae.fr\/allenvi\/wp-json\/wp\/v2\/types\/page"}],"author":[{"embeddable":true,"href":"https:\/\/ist.blogs.inrae.fr\/allenvi\/wp-json\/wp\/v2\/users\/2"}],"replies":[{"embeddable":true,"href":"https:\/\/ist.blogs.inrae.fr\/allenvi\/wp-json\/wp\/v2\/comments?post=229"}],"version-history":[{"count":13,"href":"https:\/\/ist.blogs.inrae.fr\/allenvi\/wp-json\/wp\/v2\/pages\/229\/revisions"}],"predecessor-version":[{"id":10970,"href":"https:\/\/ist.blogs.inrae.fr\/allenvi\/wp-json\/wp\/v2\/pages\/229\/revisions\/10970"}],"wp:featuredmedia":[{"embeddable":true,"href":"https:\/\/ist.blogs.inrae.fr\/allenvi\/wp-json\/wp\/v2\/media\/230"}],"wp:attachment":[{"href":"https:\/\/ist.blogs.inrae.fr\/allenvi\/wp-json\/wp\/v2\/media?parent=229"}],"curies":[{"name":"wp","href":"https:\/\/api.w.org\/{rel}","templated":true}]}}