{"id":2070,"date":"2022-05-09T08:33:31","date_gmt":"2022-05-09T08:33:31","guid":{"rendered":"https:\/\/www.allenvi.fr\/?page_id=2070"},"modified":"2023-06-14T09:44:06","modified_gmt":"2023-06-14T09:44:06","slug":"enjeux-transversaux","status":"publish","type":"page","link":"https:\/\/ist.blogs.inrae.fr\/allenvi\/enjeux-transversaux\/","title":{"rendered":"Enjeux transversaux"},"content":{"rendered":"[et_pb_section admin_label=\u00a0\u00bbsection\u00a0\u00bb]\n\t\t\t[et_pb_row admin_label=\u00a0\u00bbrow\u00a0\u00bb]\n\t\t\t\t[et_pb_column type=\u00a0\u00bb4_4&Prime;][et_pb_text admin_label=\u00a0\u00bbText\u00a0\u00bb]\n<p><strong>Des groupes concernant de grands enjeux environnementaux et transversaux et anim\u00e9s par un ou plusieurs animateurs d\u00e9sign\u00e9(s) par le Conseil sont mis en place. Ils s\u2019appuient sur un vivier d\u2019experts de leur choix ou propos\u00e9s par les membres de l\u2019alliance. Ils interagissent avec les autres groupes scientifiques d&rsquo;AllEnvi.<\/strong><\/p>\n\n\n\n<h2 class=\"wp-block-heading\">Enjeux transversaux 2018-2021<\/h2>\n\n\n\n<p>Dans le cadre d\u2019une vaste r\u00e9flexion conduite en 2017 sur la structuration scientifique et la nouvelle forme d\u2019organisation que pourrait prendre l\u2019alliance, 6 grands enjeux transversaux environnementaux ont \u00e9merg\u00e9. Ils tiennent compte des grandes pr\u00e9occupations europ\u00e9ennes et internationales (Horizon Europe, Objectifs du D\u00e9veloppement Durable, COP Climat et Biodiversit\u00e9, Future Earth, Belmont forum\u2026). Les enjeux transversaux concernent des enjeux pour l\u2019avenir proche auxquels la soci\u00e9t\u00e9 doit faire face :<\/p>\n\n\n\n<ul class=\"wp-block-list\">\n<li>Enrayer la perte de biodiversit\u00e9 ;<\/li>\n\n\n\n<li>Concilier les transitions alimentaire, \u00e9nerg\u00e9tique et \u00e9cologique ;<\/li>\n\n\n\n<li>S\u2019adapter aux effets du changement climatique et les att\u00e9nuer ;<\/li>\n\n\n\n<li>Organiser la ville durable et accompagner la transition des territoires ;<\/li>\n\n\n\n<li>Contribuer \u00e0 orienter l\u2019intervention de la France dans les milieux polaires en termes de recherche et d\u2019innovation ;<\/li>\n\n\n\n<li>Se pr\u00e9parer aux cons\u00e9quences de risques naturels \u00e9mergents ou en croissance.<\/li>\n<\/ul>\n\n\n\n<p>Les Enjeux transversaux (ET) sont ainsi des lieux de structuration des probl\u00e9matiques et d\u2019identification de questions de recherche (besoins de connaissances) en vue de l\u2019action, dans le contexte global des grandes transitions actuelles. Il s&rsquo;agit notamment pour ces groupes d\u2019identifier la connaissance \u00e0 produire par la recherche afin :<\/p>\n\n\n\n<p>De mieux qualifier et prioriser les probl\u00e8mes \u00e0 anticiper et \u00e0 r\u00e9soudre ;<\/p>\n\n\n\n<p>De soutenir la pr\u00e9paration de solutions (innovations) susceptibles d\u2019y r\u00e9pondre, dans une perspective de durabilit\u00e9.<\/p>\n\n\n\n<p>De ce fait, les ET offrent un cadre pour l\u2019\u00e9panouissement de la science de la durabilit\u00e9, c\u2019est-\u00e0-dire :<\/p>\n\n\n\n<ul class=\"wp-block-list\">\n<li>Une science qui vise \u00e0 rendre durables les conditions d\u2019existence des soci\u00e9t\u00e9s humaines (environnement, ressources, climat\u2026) ;<\/li>\n\n\n\n<li>Une science de la transformation et de l\u2019adaptation pour accompagner les grandes transitions du 21<sup>\u00e8me<\/sup> si\u00e8cle.<\/li>\n<\/ul>\n\n\n\n<p>Pour mener \u00e0 bien leurs travaux, les ET ont donc vocation \u00e0 mobiliser des comp\u00e9tences sur un p\u00e9rim\u00e8tre plus large que celui <strong>d\u2019AllEnvi,<\/strong> en vue de constituer des communaut\u00e9s d\u2019\u00e9changes, puis des communaut\u00e9s de recherche, sur leurs champs respectifs. Pour d\u00e9finir et prioriser les questions de recherche, les ET peuvent s\u2019appuyer notamment :<\/p>\n\n\n\n<ul class=\"wp-block-list\">\n<li>Sur des sc\u00e9narios de prospective, en les d\u00e9clinant \u00e0 l\u2019\u00e9chelle de leur p\u00e9rim\u00e8tre th\u00e9matique ;<\/li>\n\n\n\n<li>Sur les travaux et les r\u00e9flexions des autres alliances (d\u00e9marche inter-alliances hors groupes inter-alliances) en interagissant avec les groupes offrant des recouvrements th\u00e9matiques ou des savoirs particuliers (par exemple les SHS pour <a href=\"http:\/\/www.alliance-athena.fr\/\" target=\"_blank\" rel=\"noreferrer noopener\">ATHENA<\/a>) ;<\/li>\n\n\n\n<li>Sur les comp\u00e9tences et l\u2019expertise des organismes membres d\u2019AllEnvi<strong>.<\/strong><\/li>\n<\/ul>\n\n\n\n<p>Les ET fonctionnent sur un principe <em>top-down<\/em>. Ils d\u00e9clinent des questions de recherche prioritaires, les th\u00e8mes et les questions des ET \u00e9tant \u00ab \u00e9volutifs \u00bb. Pour une question donn\u00e9e, le CPS et le Conseil nomment 2-3 animateurs avec une lettre de mission. Ce sont les animateurs qui ensuite identifient les experts du panel. La dur\u00e9e du mandat est \u00e0 d\u00e9finir en fonction de la question. Leurs missions principales sont d\u2019animer un domaine en interdisciplinarit\u00e9 et inter-GT (notion de nexus), en s\u2019appuyant sur les <a href=\"https:\/\/ist.blogs.inrae.fr\/allenvi\/groupes-thematiques\/\" target=\"_blank\" rel=\"noreferrer noopener\">Groupes Th\u00e9matiques <\/a>(GT). Les livrables attendus sont une feuille de route, des <em>position papers<\/em>, des s\u00e9minaires, etc. en lien avec le CPS.<\/p>\n[\/et_pb_text][\/et_pb_column]\n\t\t\t[\/et_pb_row]\n\t\t[\/et_pb_section]","protected":false},"excerpt":{"rendered":"<p>Des groupes concernant de grands enjeux environnementaux et transversaux et anim\u00e9s par un ou plusieurs animateurs d\u00e9sign\u00e9(s) par le Conseil sont mis en place. Ils s\u2019appuient sur un vivier d\u2019experts de leur choix ou propos\u00e9s par les membres de l\u2019alliance. Ils interagissent avec les autres groupes scientifiques d&rsquo;AllEnvi. Enjeux transversaux 2018-2021 Dans le cadre d\u2019une [&hellip;]<\/p>\n","protected":false},"author":1,"featured_media":5570,"parent":0,"menu_order":0,"comment_status":"closed","ping_status":"closed","template":"","meta":{"_et_pb_use_builder":"on","_et_pb_old_content":"<!-- wp:paragraph -->\n<p><strong>Des groupes concernant de grands enjeux environnementaux et transversaux et anim\u00e9s par un ou plusieurs animateurs d\u00e9sign\u00e9(s) par le Conseil sont mis en place. Ils s\u2019appuient sur un vivier d\u2019experts de leur choix ou propos\u00e9s par les membres de l\u2019alliance. Ils interagissent avec les autres groupes scientifiques d'AllEnvi.<\/strong><\/p>\n<!-- \/wp:paragraph -->\n\n<!-- wp:heading -->\n<h2 class=\"wp-block-heading\">Enjeux transversaux 2018-2021<\/h2>\n<!-- \/wp:heading -->\n\n<!-- wp:paragraph -->\n<p>Dans le cadre d\u2019une vaste r\u00e9flexion conduite en 2017 sur la structuration scientifique et la nouvelle forme d\u2019organisation que pourrait prendre l\u2019alliance, 6 grands enjeux transversaux environnementaux ont \u00e9merg\u00e9. Ils tiennent compte des grandes pr\u00e9occupations europ\u00e9ennes et internationales (Horizon Europe, Objectifs du D\u00e9veloppement Durable, COP Climat et Biodiversit\u00e9, Future Earth, Belmont forum\u2026). Les enjeux transversaux concernent des enjeux pour l\u2019avenir proche auxquels la soci\u00e9t\u00e9 doit faire face :<\/p>\n<!-- \/wp:paragraph -->\n\n<!-- wp:list -->\n<ul><!-- wp:list-item -->\n<li>Enrayer la perte de biodiversit\u00e9 ;<\/li>\n<!-- \/wp:list-item -->\n\n<!-- wp:list-item -->\n<li>Concilier les transitions alimentaire, \u00e9nerg\u00e9tique et \u00e9cologique ;<\/li>\n<!-- \/wp:list-item -->\n\n<!-- wp:list-item -->\n<li>S\u2019adapter aux effets du changement climatique et les att\u00e9nuer ;<\/li>\n<!-- \/wp:list-item -->\n\n<!-- wp:list-item -->\n<li>Organiser la ville durable et accompagner la transition des territoires ;<\/li>\n<!-- \/wp:list-item -->\n\n<!-- wp:list-item -->\n<li>Contribuer \u00e0 orienter l\u2019intervention de la France dans les milieux polaires en termes de recherche et d\u2019innovation ;<\/li>\n<!-- \/wp:list-item -->\n\n<!-- wp:list-item -->\n<li>Se pr\u00e9parer aux cons\u00e9quences de risques naturels \u00e9mergents ou en croissance.<\/li>\n<!-- \/wp:list-item --><\/ul>\n<!-- \/wp:list -->\n\n<!-- wp:paragraph -->\n<p>Les Enjeux transversaux (ET) sont ainsi des lieux de structuration des probl\u00e9matiques et d\u2019identification de questions de recherche (besoins de connaissances) en vue de l\u2019action, dans le contexte global des grandes transitions actuelles. Il s'agit notamment pour ces groupes d\u2019identifier la connaissance \u00e0 produire par la recherche afin :<\/p>\n<!-- \/wp:paragraph -->\n\n<!-- wp:paragraph -->\n<p>De mieux qualifier et prioriser les probl\u00e8mes \u00e0 anticiper et \u00e0 r\u00e9soudre ;<\/p>\n<!-- \/wp:paragraph -->\n\n<!-- wp:paragraph -->\n<p>De soutenir la pr\u00e9paration de solutions (innovations) susceptibles d\u2019y r\u00e9pondre, dans une perspective de durabilit\u00e9.<\/p>\n<!-- \/wp:paragraph -->\n\n<!-- wp:paragraph -->\n<p>De ce fait, les ET offrent un cadre pour l\u2019\u00e9panouissement de la science de la durabilit\u00e9, c\u2019est-\u00e0-dire :<\/p>\n<!-- \/wp:paragraph -->\n\n<!-- wp:list -->\n<ul><!-- wp:list-item -->\n<li>Une science qui vise \u00e0 rendre durables les conditions d\u2019existence des soci\u00e9t\u00e9s humaines (environnement, ressources, climat\u2026) ;<\/li>\n<!-- \/wp:list-item -->\n\n<!-- wp:list-item -->\n<li>Une science de la transformation et de l\u2019adaptation pour accompagner les grandes transitions du 21<sup>\u00e8me<\/sup> si\u00e8cle.<\/li>\n<!-- \/wp:list-item --><\/ul>\n<!-- \/wp:list -->\n\n<!-- wp:paragraph -->\n<p>Pour mener \u00e0 bien leurs travaux, les ET ont donc vocation \u00e0 mobiliser des comp\u00e9tences sur un p\u00e9rim\u00e8tre plus large que celui <strong>d\u2019AllEnvi,<\/strong> en vue de constituer des communaut\u00e9s d\u2019\u00e9changes, puis des communaut\u00e9s de recherche, sur leurs champs respectifs. Pour d\u00e9finir et prioriser les questions de recherche, les ET peuvent s\u2019appuyer notamment :<\/p>\n<!-- \/wp:paragraph -->\n\n<!-- wp:list -->\n<ul><!-- wp:list-item -->\n<li>Sur des sc\u00e9narios de prospective, en les d\u00e9clinant \u00e0 l\u2019\u00e9chelle de leur p\u00e9rim\u00e8tre th\u00e9matique ;<\/li>\n<!-- \/wp:list-item -->\n\n<!-- wp:list-item -->\n<li>Sur les travaux et les r\u00e9flexions des autres alliances (d\u00e9marche inter-alliances hors groupes inter-alliances) en interagissant avec les groupes offrant des recouvrements th\u00e9matiques ou des savoirs particuliers (par exemple les SHS pour <a href=\"http:\/\/www.alliance-athena.fr\/\" target=\"_blank\" rel=\"noreferrer noopener\">ATHENA<\/a>) ;<\/li>\n<!-- \/wp:list-item -->\n\n<!-- wp:list-item -->\n<li>Sur les comp\u00e9tences et l\u2019expertise des organismes membres d\u2019AllEnvi<strong>.<\/strong><\/li>\n<!-- \/wp:list-item --><\/ul>\n<!-- \/wp:list -->\n\n<!-- wp:paragraph -->\n<p>Les ET fonctionnent sur un principe <em>top-down<\/em>. Ils d\u00e9clinent des questions de recherche prioritaires, les th\u00e8mes et les questions des ET \u00e9tant \u00ab \u00e9volutifs \u00bb. Pour une question donn\u00e9e, le CPS et le Conseil nomment 2-3 animateurs avec une lettre de mission. Ce sont les animateurs qui ensuite identifient les experts du panel. La dur\u00e9e du mandat est \u00e0 d\u00e9finir en fonction de la question. Leurs missions principales sont d\u2019animer un domaine en interdisciplinarit\u00e9 et inter-GT (notion de nexus), en s\u2019appuyant sur les <a href=\"https:\/\/ist.blogs.inrae.fr\/allenvi\/groupes-thematiques\/\" target=\"_blank\" rel=\"noreferrer noopener\">Groupes Th\u00e9matiques <\/a>(GT). Les livrables attendus sont une feuille de route, des <em>position papers<\/em>, des s\u00e9minaires, etc. en lien avec le CPS.<\/p>\n<!-- \/wp:paragraph -->","_et_gb_content_width":"","inline_featured_image":false,"footnotes":""},"class_list":["post-2070","page","type-page","status-publish","has-post-thumbnail","hentry"],"yoast_head":"<!-- This site is optimized with the Yoast SEO plugin v27.5 - https:\/\/yoast.com\/product\/yoast-seo-wordpress\/ -->\n<title>Enjeux transversaux - Alliance Allenvi<\/title>\n<meta name=\"description\" content=\"Des groupes concernant de grands enjeux environnementaux et transversaux et anim\u00e9s par un ou plusieurs animateurs d\u00e9sign\u00e9(s) par le Conseil sont mis en place. Ils s\u2019appuient sur un vivier d\u2019experts de leur choix ou propos\u00e9s par les membres de l\u2019alliance. Ils interagissent avec les autres groupes scientifiques d&#039;AllEnvi.\" \/>\n<meta name=\"robots\" content=\"noindex, follow, max-snippet:-1, max-image-preview:large, max-video-preview:-1\" \/>\n<meta property=\"og:locale\" content=\"fr_FR\" \/>\n<meta property=\"og:type\" content=\"article\" \/>\n<meta property=\"og:title\" content=\"Enjeux transversaux - Alliance Allenvi\" \/>\n<meta property=\"og:description\" content=\"Des groupes concernant de grands enjeux environnementaux et transversaux et anim\u00e9s par un ou plusieurs animateurs d\u00e9sign\u00e9(s) par le Conseil sont mis en place. Ils s\u2019appuient sur un vivier d\u2019experts de leur choix ou propos\u00e9s par les membres de l\u2019alliance. Ils interagissent avec les autres groupes scientifiques d&#039;AllEnvi.\" \/>\n<meta property=\"og:url\" content=\"https:\/\/ist.blogs.inrae.fr\/allenvi\/enjeux-transversaux\/\" \/>\n<meta property=\"og:site_name\" content=\"Alliance Allenvi\" \/>\n<meta property=\"article:modified_time\" content=\"2023-06-14T09:44:06+00:00\" \/>\n<meta property=\"og:image\" content=\"https:\/\/ist.blogs.inrae.fr\/allenvi\/wp-content\/uploads\/sites\/52\/2022\/05\/ville-durable.jpeg\" \/>\n\t<meta property=\"og:image:width\" content=\"1920\" \/>\n\t<meta property=\"og:image:height\" content=\"1280\" \/>\n\t<meta property=\"og:image:type\" content=\"image\/jpeg\" \/>\n<meta name=\"twitter:card\" content=\"summary_large_image\" \/>\n<meta name=\"twitter:label1\" content=\"Dur\u00e9e de lecture estim\u00e9e\" \/>\n\t<meta name=\"twitter:data1\" content=\"3 minutes\" \/>\n<script type=\"application\/ld+json\" class=\"yoast-schema-graph\">{\"@context\":\"https:\\\/\\\/schema.org\",\"@graph\":[{\"@type\":\"WebPage\",\"@id\":\"https:\\\/\\\/ist.blogs.inrae.fr\\\/allenvi\\\/enjeux-transversaux\\\/\",\"url\":\"https:\\\/\\\/ist.blogs.inrae.fr\\\/allenvi\\\/enjeux-transversaux\\\/\",\"name\":\"Enjeux transversaux - Alliance Allenvi\",\"isPartOf\":{\"@id\":\"https:\\\/\\\/ist.blogs.inrae.fr\\\/allenvi\\\/#website\"},\"primaryImageOfPage\":{\"@id\":\"https:\\\/\\\/ist.blogs.inrae.fr\\\/allenvi\\\/enjeux-transversaux\\\/#primaryimage\"},\"image\":{\"@id\":\"https:\\\/\\\/ist.blogs.inrae.fr\\\/allenvi\\\/enjeux-transversaux\\\/#primaryimage\"},\"thumbnailUrl\":\"https:\\\/\\\/ist.blogs.inrae.fr\\\/allenvi\\\/wp-content\\\/uploads\\\/sites\\\/52\\\/2022\\\/05\\\/ville-durable.jpeg\",\"datePublished\":\"2022-05-09T08:33:31+00:00\",\"dateModified\":\"2023-06-14T09:44:06+00:00\",\"description\":\"Des groupes concernant de grands enjeux environnementaux et transversaux et anim\u00e9s par un ou plusieurs animateurs d\u00e9sign\u00e9(s) par le Conseil sont mis en place. Ils s\u2019appuient sur un vivier d\u2019experts de leur choix ou propos\u00e9s par les membres de l\u2019alliance. Ils interagissent avec les autres groupes scientifiques d'AllEnvi.\",\"breadcrumb\":{\"@id\":\"https:\\\/\\\/ist.blogs.inrae.fr\\\/allenvi\\\/enjeux-transversaux\\\/#breadcrumb\"},\"inLanguage\":\"fr-FR\",\"potentialAction\":[{\"@type\":\"ReadAction\",\"target\":[\"https:\\\/\\\/ist.blogs.inrae.fr\\\/allenvi\\\/enjeux-transversaux\\\/\"]}]},{\"@type\":\"ImageObject\",\"inLanguage\":\"fr-FR\",\"@id\":\"https:\\\/\\\/ist.blogs.inrae.fr\\\/allenvi\\\/enjeux-transversaux\\\/#primaryimage\",\"url\":\"https:\\\/\\\/ist.blogs.inrae.fr\\\/allenvi\\\/wp-content\\\/uploads\\\/sites\\\/52\\\/2022\\\/05\\\/ville-durable.jpeg\",\"contentUrl\":\"https:\\\/\\\/ist.blogs.inrae.fr\\\/allenvi\\\/wp-content\\\/uploads\\\/sites\\\/52\\\/2022\\\/05\\\/ville-durable.jpeg\",\"width\":1920,\"height\":1280},{\"@type\":\"BreadcrumbList\",\"@id\":\"https:\\\/\\\/ist.blogs.inrae.fr\\\/allenvi\\\/enjeux-transversaux\\\/#breadcrumb\",\"itemListElement\":[{\"@type\":\"ListItem\",\"position\":1,\"name\":\"Accueil\",\"item\":\"https:\\\/\\\/ist.blogs.inrae.fr\\\/allenvi\\\/\"},{\"@type\":\"ListItem\",\"position\":2,\"name\":\"Enjeux transversaux\"}]},{\"@type\":\"WebSite\",\"@id\":\"https:\\\/\\\/ist.blogs.inrae.fr\\\/allenvi\\\/#website\",\"url\":\"https:\\\/\\\/ist.blogs.inrae.fr\\\/allenvi\\\/\",\"name\":\"Alliance Allenvi\",\"description\":\"\",\"potentialAction\":[{\"@type\":\"SearchAction\",\"target\":{\"@type\":\"EntryPoint\",\"urlTemplate\":\"https:\\\/\\\/ist.blogs.inrae.fr\\\/allenvi\\\/?s={search_term_string}\"},\"query-input\":{\"@type\":\"PropertyValueSpecification\",\"valueRequired\":true,\"valueName\":\"search_term_string\"}}],\"inLanguage\":\"fr-FR\"}]}<\/script>\n<!-- \/ Yoast SEO plugin. -->","yoast_head_json":{"title":"Enjeux transversaux - Alliance Allenvi","description":"Des groupes concernant de grands enjeux environnementaux et transversaux et anim\u00e9s par un ou plusieurs animateurs d\u00e9sign\u00e9(s) par le Conseil sont mis en place. Ils s\u2019appuient sur un vivier d\u2019experts de leur choix ou propos\u00e9s par les membres de l\u2019alliance. Ils interagissent avec les autres groupes scientifiques d'AllEnvi.","robots":{"index":"noindex","follow":"follow","max-snippet":"max-snippet:-1","max-image-preview":"max-image-preview:large","max-video-preview":"max-video-preview:-1"},"og_locale":"fr_FR","og_type":"article","og_title":"Enjeux transversaux - Alliance Allenvi","og_description":"Des groupes concernant de grands enjeux environnementaux et transversaux et anim\u00e9s par un ou plusieurs animateurs d\u00e9sign\u00e9(s) par le Conseil sont mis en place. Ils s\u2019appuient sur un vivier d\u2019experts de leur choix ou propos\u00e9s par les membres de l\u2019alliance. Ils interagissent avec les autres groupes scientifiques d'AllEnvi.","og_url":"https:\/\/ist.blogs.inrae.fr\/allenvi\/enjeux-transversaux\/","og_site_name":"Alliance Allenvi","article_modified_time":"2023-06-14T09:44:06+00:00","og_image":[{"width":1920,"height":1280,"url":"https:\/\/ist.blogs.inrae.fr\/allenvi\/wp-content\/uploads\/sites\/52\/2022\/05\/ville-durable.jpeg","type":"image\/jpeg"}],"twitter_card":"summary_large_image","twitter_misc":{"Dur\u00e9e de lecture estim\u00e9e":"3 minutes"},"schema":{"@context":"https:\/\/schema.org","@graph":[{"@type":"WebPage","@id":"https:\/\/ist.blogs.inrae.fr\/allenvi\/enjeux-transversaux\/","url":"https:\/\/ist.blogs.inrae.fr\/allenvi\/enjeux-transversaux\/","name":"Enjeux transversaux - Alliance Allenvi","isPartOf":{"@id":"https:\/\/ist.blogs.inrae.fr\/allenvi\/#website"},"primaryImageOfPage":{"@id":"https:\/\/ist.blogs.inrae.fr\/allenvi\/enjeux-transversaux\/#primaryimage"},"image":{"@id":"https:\/\/ist.blogs.inrae.fr\/allenvi\/enjeux-transversaux\/#primaryimage"},"thumbnailUrl":"https:\/\/ist.blogs.inrae.fr\/allenvi\/wp-content\/uploads\/sites\/52\/2022\/05\/ville-durable.jpeg","datePublished":"2022-05-09T08:33:31+00:00","dateModified":"2023-06-14T09:44:06+00:00","description":"Des groupes concernant de grands enjeux environnementaux et transversaux et anim\u00e9s par un ou plusieurs animateurs d\u00e9sign\u00e9(s) par le Conseil sont mis en place. Ils s\u2019appuient sur un vivier d\u2019experts de leur choix ou propos\u00e9s par les membres de l\u2019alliance. Ils interagissent avec les autres groupes scientifiques d'AllEnvi.","breadcrumb":{"@id":"https:\/\/ist.blogs.inrae.fr\/allenvi\/enjeux-transversaux\/#breadcrumb"},"inLanguage":"fr-FR","potentialAction":[{"@type":"ReadAction","target":["https:\/\/ist.blogs.inrae.fr\/allenvi\/enjeux-transversaux\/"]}]},{"@type":"ImageObject","inLanguage":"fr-FR","@id":"https:\/\/ist.blogs.inrae.fr\/allenvi\/enjeux-transversaux\/#primaryimage","url":"https:\/\/ist.blogs.inrae.fr\/allenvi\/wp-content\/uploads\/sites\/52\/2022\/05\/ville-durable.jpeg","contentUrl":"https:\/\/ist.blogs.inrae.fr\/allenvi\/wp-content\/uploads\/sites\/52\/2022\/05\/ville-durable.jpeg","width":1920,"height":1280},{"@type":"BreadcrumbList","@id":"https:\/\/ist.blogs.inrae.fr\/allenvi\/enjeux-transversaux\/#breadcrumb","itemListElement":[{"@type":"ListItem","position":1,"name":"Accueil","item":"https:\/\/ist.blogs.inrae.fr\/allenvi\/"},{"@type":"ListItem","position":2,"name":"Enjeux transversaux"}]},{"@type":"WebSite","@id":"https:\/\/ist.blogs.inrae.fr\/allenvi\/#website","url":"https:\/\/ist.blogs.inrae.fr\/allenvi\/","name":"Alliance Allenvi","description":"","potentialAction":[{"@type":"SearchAction","target":{"@type":"EntryPoint","urlTemplate":"https:\/\/ist.blogs.inrae.fr\/allenvi\/?s={search_term_string}"},"query-input":{"@type":"PropertyValueSpecification","valueRequired":true,"valueName":"search_term_string"}}],"inLanguage":"fr-FR"}]}},"_links":{"self":[{"href":"https:\/\/ist.blogs.inrae.fr\/allenvi\/wp-json\/wp\/v2\/pages\/2070","targetHints":{"allow":["GET"]}}],"collection":[{"href":"https:\/\/ist.blogs.inrae.fr\/allenvi\/wp-json\/wp\/v2\/pages"}],"about":[{"href":"https:\/\/ist.blogs.inrae.fr\/allenvi\/wp-json\/wp\/v2\/types\/page"}],"author":[{"embeddable":true,"href":"https:\/\/ist.blogs.inrae.fr\/allenvi\/wp-json\/wp\/v2\/users\/1"}],"replies":[{"embeddable":true,"href":"https:\/\/ist.blogs.inrae.fr\/allenvi\/wp-json\/wp\/v2\/comments?post=2070"}],"version-history":[{"count":14,"href":"https:\/\/ist.blogs.inrae.fr\/allenvi\/wp-json\/wp\/v2\/pages\/2070\/revisions"}],"predecessor-version":[{"id":13476,"href":"https:\/\/ist.blogs.inrae.fr\/allenvi\/wp-json\/wp\/v2\/pages\/2070\/revisions\/13476"}],"wp:featuredmedia":[{"embeddable":true,"href":"https:\/\/ist.blogs.inrae.fr\/allenvi\/wp-json\/wp\/v2\/media\/5570"}],"wp:attachment":[{"href":"https:\/\/ist.blogs.inrae.fr\/allenvi\/wp-json\/wp\/v2\/media?parent=2070"}],"curies":[{"name":"wp","href":"https:\/\/api.w.org\/{rel}","templated":true}]}}