{"id":164,"date":"2014-06-27T16:14:32","date_gmt":"2014-06-27T14:14:32","guid":{"rendered":"http:\/\/ist.blogs.inra.fr\/afs\/?page_id=164"},"modified":"2019-04-16T16:34:30","modified_gmt":"2019-04-16T14:34:30","slug":"about-annals-of-forest-science","status":"publish","type":"page","link":"https:\/\/ist.blogs.inrae.fr\/afs\/about-annals-of-forest-science\/","title":{"rendered":"About Annals of Forest Science"},"content":{"rendered":"<script type='text\/javascript' src='https:\/\/d1bxh8uas1mnw7.cloudfront.net\/assets\/embed.js'><\/script><table style=\"height: 18px\" width=\"38\">\n<tbody>\n<tr>\n<td width=\"626\"><\/td>\n<\/tr>\n<\/tbody>\n<\/table>\n<h2><span style=\"color: #008000\">CUR<a href=\"http:\/\/link.springer.com\/journal\/volumesAndIssues\/13595\"><img loading=\"lazy\" decoding=\"async\" class=\"alignleft wp-image-244 size-full\" src=\"https:\/\/ist.blogs.inra.fr\/afs\/wp-content\/uploads\/sites\/5\/2014\/07\/Petit-image-AFS.jpg\" alt=\"Petit-image-AFS\" width=\"76\" height=\"102\" \/><\/a>RENT ISSUE<br \/>\n<\/span><\/h2>\n<p>Please, click on the front cover of the journal <em>Annals of Forest Science<\/em> to visit the current issue on the publisher website<\/p>\n<p><a href=\"http:\/\/link.springer.com\/journal\/volumesAndIssues\/13595\"><img loading=\"lazy\" decoding=\"async\" class=\"alignleft wp-image-306 size-full\" src=\"https:\/\/ist.blogs.inra.fr\/afs\/wp-content\/uploads\/sites\/5\/2014\/06\/Logo-SPRINGERLINK-orange.jpg\" alt=\"Logo SPRINGERLINK orange\" width=\"101\" height=\"28\" \/><\/a><\/p>\n<p>&nbsp;<\/p>\n<p>&nbsp;<\/p>\n<h2><span style=\"color: #008000\">AIMS AND SCOPE<\/span><\/h2>\n<p><em>Annals of Forest Science<\/em> is an international peer-reviewed journal that publishes papers describing original researches in the multidisciplinary areas of forest and wood sciences.<\/p>\n<p>The scope covers following aspects:<\/p>\n<ul>\n<li style=\"text-align: justify\">Forest dynamics and ecosystem processes under environmental or management drivers (ecology, genetics);<\/li>\n<li style=\"text-align: justify\">Risks and disturbances affecting forest ecosystems (biology, ecology, economics);<\/li>\n<li style=\"text-align: justify\">Forests as drivers of the bioeconomy (tree breeding, forest management and productivity, ecosystem services, silviculture);<\/li>\n<li style=\"text-align: justify\">Wood sciences (relationships between wood structure and tree functioning, and between forest management or environment and wood properties).<\/li>\n<\/ul>\n<h2>The Editorial Board encourages:<\/h2>\n<ul>\n<li style=\"text-align: justify\">New ideas or methods for measuring or monitoring any property of interest for tree biology, forest ecosystem dynamics, wood;<\/li>\n<li style=\"text-align: justify\">Model-based papers focused on the forestry wood chain, including carbon accounting investigations, ecosystem services, quantification of the relationships between forest management and the properties of end products;<\/li>\n<li style=\"text-align: justify\">Studies addressing economic and social issues of forest management under climate change;<\/li>\n<li style=\"text-align: justify\">Review articles on timely topics in the scope of the journal;<\/li>\n<li style=\"text-align: justify\">Data papers presenting data bases made available to a wider community;<\/li>\n<li style=\"text-align: justify\">Opinion papers presenting arguments about open research questions.<\/li>\n<\/ul>\n<h2>The Editorial Board does not encourage:<\/h2>\n<ul>\n<li>Local case studies based on single stand experiments or small samples under local conditions, unless the addressed questions are innovative and timely;<\/li>\n<li>Purely technological papers presenting applications without broader scientific perspective;<\/li>\n<li>Wood science papers that address purely technological questions unless the topic is very innovative or in relation with tree biology, forest ecology or forest management.<\/li>\n<\/ul>\n<h2>Editorial Board of Annals of Forest Science:<\/h2>\n<p><em>Annals of Forest Science<\/em> is managed by a board of associate editors with expertise in the different fields of the scope:<\/p>\n<p>&nbsp;<\/p>\n<table>\n<tbody>\n<tr>\n<td width=\"294\">\n<h5><span style=\"color: #808080\"><strong>Topic<\/strong><\/span><\/h5>\n<\/td>\n<td width=\"302\">\n<h5><span style=\"color: #808080\"><strong>Associate editor in charge<\/strong><\/span><\/h5>\n<\/td>\n<\/tr>\n<tr>\n<td width=\"294\"><span style=\"color: #008000\"><strong>Data papers<\/strong><\/span><\/td>\n<td width=\"302\"><span style=\"color: #008000\">Marianne Peiffer, Nancy, France<\/span><\/td>\n<\/tr>\n<tr>\n<td width=\"294\"><span style=\"color: #003300\"><strong>Biology of trees and associated organisms<\/strong><\/span><\/td>\n<td width=\"302\"><span style=\"color: #003300\">Erwin Dreyer, Nancy, France<\/span><\/p>\n<p><span style=\"color: #003300\">Benoit Marcais, Nancy, France<\/p>\n<p><span style=\"color: #003300\">Andrew Merchant, Sydney, Australia<\/span><\/p>\n<p><span style=\"color: #003300\">Ana Rincon, Madrid, Spain<\/span><\/p>\n<p><span style=\"color: #003300\">C\u00e9cile Robin, Bordeaux, France<\/span><\/p>\n<p><span style=\"color: #003300\">Aur\u00e9lien Sall\u00e9, Orl\u00e9ans, France<\/span><\/p>\n<p><span style=\"color: #003300\">Michael Tausz, Birmingham, UK<\/span><\/td>\n<\/tr>\n<tr>\n<td width=\"294\"><span style=\"color: #008000\"><strong>Forest dynamics (ecology and genetics)<\/strong><\/span><\/td>\n<td width=\"302\"><span style=\"color: #008000\">Ricardo Alia, Madrid, Spain<\/span><\/p>\n<p><span style=\"color: #008000\">Laurent Berg\u00e8s, Aix en Provence, France<\/span><\/p>\n<p><span style=\"color: #008000\"> Bruno Fady, Avignon, France<\/span><\/p>\n<p><span style=\"color: #008000\"> Marco Ferretti, Birmensdorf, Switzerland<\/span><\/p>\n<p><span style=\"color: #008000\"> John M. Lhotka, Lexington, USA<\/span><\/p>\n<p><span style=\"color: #008000\"> Christophe Plomion, Cestas, France<\/span><\/p>\n<p><span style=\"color: #008000\"> Marcus Schaub, Birmensdorf, Switzerland<\/span><\/td>\n<\/tr>\n<tr>\n<td width=\"294\"><span style=\"color: #003300\"><strong>Risks and disturbances (ecology and economics)<\/strong><\/span><\/td>\n<td width=\"302\"><span style=\"color: #003300\">Paulo M. Fernandes, Vila Real, Portugal<\/p>\n<p><span style=\"color: #003300\">Barry A. Gardiner, Bordeaux, France<\/span><\/p>\n<p><span style=\"color: #003300\">Marc Hanewinkel, Freiburg, Germany<\/span><\/p>\n<p><span style=\"color: #003300\">Shuguang (Leo) Liu, Changsha, China<\/p>\n<p><span style=\"color: #003300\">Benoit Marcais, Nancy, France<\/p>\n<p><span style=\"color: #003300\">John Moore, Rotorua, New Zealand<\/p>\n<p><span style=\"color: #003300\">Aur\u00e9lien Salle, Orl\u00e9ans<\/span><\/p>\n<p><span style=\"color: #003300\">C\u00e9cile Robin, Bordeaux<\/span><\/p>\n<p><span style=\"color: #003300\">Marcus Schaub, Birmensdorf, Switzerland<\/p>\n<p><span style=\"color: #003300\">Rasoul Yousefpour, Freiburg, Germany<\/td>\n<\/tr>\n<tr>\n<td width=\"294\"><span style=\"color: #008000\"><strong>Forestry based bioeconomy (management, products, services)<\/strong><strong>\u00a0<\/strong><\/span><\/td>\n<td width=\"302\"><span style=\"color: #008000\">Andreas Bolte, Eberswalde, Germany<\/span><\/p>\n<p><span style=\"color: #008000\">Jean-Michel Leban, Nancy, France<\/span><\/p>\n<p><span style=\"color: #008000\">John M. Lhotka, Lexington, USA<\/span><\/p>\n<p><span style=\"color: #008000\">Shuqing Zhao, Beijing, China<\/span><\/td>\n<\/tr>\n<tr>\n<td width=\"294\"><span style=\"color: #003300\"><strong>Wood sciences<\/strong><\/span><\/td>\n<td width=\"302\"><span style=\"color: #003300\">Barry A. Gardiner, Bordeaux, France<\/span><\/p>\n<p><span style=\"color: #003300\">Jean-Michel Leban, Nancy, France<\/span><\/p>\n<p><span style=\"color: #003300\">John Moore, Rotorua, New Zealand<\/p>\n<p><span style=\"color: #003300\">Cyrille Rathgeber, Nancy, France<\/td>\n<\/tr>\n<\/tbody>\n<\/table>\n<p>&nbsp;<\/p>\n<h2>AFS publishes five major types of papers:<\/h2>\n<ul>\n<li style=\"text-align: justify\">Research papers: providing novel findings around an experimental approach;<\/li>\n<li style=\"text-align: justify\">Review papers: providing a comprehensive analysis of the literature, sometimes through a meta-analysis of published information;<\/li>\n<li style=\"text-align: justify\">Opinion papers: papers providing a novel view on a given topic without necessarily original research results, or papers commenting on important issues;<\/li>\n<li style=\"text-align: justify\">Data papers: short papers providing a clear and exhaustive description of a dataset, its content, its potential use and all the metadata required to access the dataset.<\/li>\n<\/ul>\n<h2>AFS produces thematic issues under the responsibility of guest editors.<\/h2>\n<p><u><a href=\"https:\/\/link.springer.com\/journal\/volumesAndIssues\/13595?tabName=topicalCollections\">https:\/\/link.springer.com\/journal\/volumesAndIssues\/13595?tabName=topicalCollections<\/a><\/u><\/p>\n<p>The journal encourages the edition of topical collections (virtual collections) as a result of a symposium, a congress, a working group meeting, or even a research project. Topical collections are usually edited by a Guest Editor. All manuscripts must comply with the Instructions for Authors and would follow the usual peer-review procedure like any other manuscript. Accepted papers are published in the regular issues and also grouped online under the topical collections tab. Ask more details and submit your project to <u>annforsci@inra.fr<\/u>. A final decision about the suitability of the proposal will be made in a timely manner.<\/p>\n<h2>Annals of Forest Science uses a double-blind review process to warrant an optimal and fast review of the submitted manuscript.<\/h2>\n<p style=\"text-align: justify\">The refereeing process aims to checking the scientific quality and originality as well as the interest to the AFS\u2019s international readership. The manuscripts submitted via the editorial manager (<a href=\"https:\/\/www.editorialmanager.com\/afsc\">https:\/\/www.editorialmanager.com\/afsc<\/a> ) will be first viewed by the chief editor, who checks whether the manuscript fits within the scope and meets the quality requirements of the journal; he may decline any further processes for manuscripts that do not fulfil these basic requirements.<\/p>\n<p style=\"text-align: justify\">The manuscripts are then assigned to an associate editor with specific expertise in the field, who selects referees (usually 2-3), and after receiving the advice of the referees, produces a tentative decision. The final decision is then produced by the chief editor (or the deputy chief editor).This process usually takes 2 months depending on the availability of referees.<\/p>\n<h2>Annals of Forest Science is published by Springer and fits with the requirements for a green Open Access journal<\/h2>\n<p>All articles published by <em>Annals of Forest Science<\/em> will be made freely available after a period of embargo of 12 months. The whole archive of journal is now available in the repository for scientific publication HAL (\u201cHyper Articles en Ligne\u201d; <u><a href=\"http:\/\/hal.archives-ouvertes.fr\/\">http:\/\/hal.archives-ouvertes.fr\/<\/a><\/u> ) with two specific portals: <em>Annales des Sciences Foresti\u00e8res<\/em> (1964-1998) <a href=\"http:\/\/hal.archives-ouvertes.fr\/ARINRA-ADSF\">(<\/a><u><a href=\"http:\/\/hal.archives-ouvertes.fr\/ARINRA-ADSF\">http:\/\/hal.archives<\/a><a href=\"http:\/\/hal.archives-ouvertes.fr\/ARINRA-ADSF\">ouvertes.fr\/ARINRA-ADSF<\/a><\/u><a href=\"http:\/\/hal.archives-ouvertes.fr\/ARINRA-ADSF\">)<\/a> and <em>Annals of Forest Science <\/em>(1999- to date) (<u><a href=\"http:\/\/hal.archives-ouvertes.fr\/ARINRA-AFS\">http:\/\/hal.archives<\/a><a href=\"http:\/\/hal.archives-ouvertes.fr\/ARINRA-AFS\">ouvertes.fr\/ARINRA-AFS<\/a><\/u><a href=\"http:\/\/hal.archives-ouvertes.fr\/ARINRA-AFS\">)<\/a>. Archives of the <em>Annales de l\u2019\u00c9cole Nationale des Eaux et For\u00eats<\/em> (1923-1963) are available at <u><a href=\"http:\/\/documents.irevues.inist.fr\/handle\/2042\/32998\">http:\/\/documents.irevues.inist.fr\/handle\/2042\/32998<\/a><\/u><a href=\"http:\/\/documents.irevues.inist.fr\/handle\/2042\/32998\">.<\/a><\/p>\n<p>&nbsp;<\/p>\n<p>&nbsp;<\/p>\n","protected":false},"excerpt":{"rendered":"<p>CURRENT ISSUE Please, click on the front cover of the journal Annals of Forest Science to visit the current issue on the publisher website &nbsp; &nbsp; AIMS AND SCOPE Annals of Forest Science is an international peer-reviewed journal that publishes papers describing original researches in the multidisciplinary areas of forest and wood sciences. The scope [&hellip;]<\/p>\n","protected":false},"author":34,"featured_media":244,"parent":0,"menu_order":0,"comment_status":"open","ping_status":"open","template":"","meta":{"footnotes":""},"class_list":["post-164","page","type-page","status-publish","has-post-thumbnail","hentry","has_thumb"],"_links":{"self":[{"href":"https:\/\/ist.blogs.inrae.fr\/afs\/wp-json\/wp\/v2\/pages\/164","targetHints":{"allow":["GET"]}}],"collection":[{"href":"https:\/\/ist.blogs.inrae.fr\/afs\/wp-json\/wp\/v2\/pages"}],"about":[{"href":"https:\/\/ist.blogs.inrae.fr\/afs\/wp-json\/wp\/v2\/types\/page"}],"author":[{"embeddable":true,"href":"https:\/\/ist.blogs.inrae.fr\/afs\/wp-json\/wp\/v2\/users\/34"}],"replies":[{"embeddable":true,"href":"https:\/\/ist.blogs.inrae.fr\/afs\/wp-json\/wp\/v2\/comments?post=164"}],"version-history":[{"count":0,"href":"https:\/\/ist.blogs.inrae.fr\/afs\/wp-json\/wp\/v2\/pages\/164\/revisions"}],"wp:featuredmedia":[{"embeddable":true,"href":"https:\/\/ist.blogs.inrae.fr\/afs\/wp-json\/wp\/v2\/media\/244"}],"wp:attachment":[{"href":"https:\/\/ist.blogs.inrae.fr\/afs\/wp-json\/wp\/v2\/media?parent=164"}],"curies":[{"name":"wp","href":"https:\/\/api.w.org\/{rel}","templated":true}]}}